{"id":43,"date":"2024-08-04T23:04:46","date_gmt":"2024-08-04T21:04:46","guid":{"rendered":"https:\/\/www.pat-meaux.fr\/?page_id=43"},"modified":"2024-08-04T23:04:46","modified_gmt":"2024-08-04T21:04:46","slug":"missions-du-pat","status":"publish","type":"page","link":"https:\/\/www.pat-meaux.fr\/index.php\/missions-du-pat\/","title":{"rendered":"Missions du PAT"},"content":{"rendered":"\n<p>Le <strong>Point Autonomie Lagny<\/strong>, est un service gratuit de coordination et d&rsquo;aide pour les personnes de plus de 60 ans, les personnes en situation de handicap, et leur entourage.<\/p>\n\n\n\n<p>Voici ses missions :<\/p>\n\n\n\n<p><strong>Accueil :<\/strong><br>Il propose un guichet unique, personnalis\u00e9 et gratuit, pour obtenir les informations et orienter vers les organismes et professionnels sur le territoire qu&rsquo;il g\u00e8re<\/p>\n\n\n\n<p><strong>Information :<\/strong><br>Le PAT informe et oriente vers les organismes et professionnels concernant :<\/p>\n\n\n\n<ul>\n<li>&#8211; Les soins \u00e0 domicile<\/li>\n\n\n\n<li>&#8211; Aides \u00e0 domicile et modalit\u00e9s de r\u00e9mun\u00e9ration<\/li>\n\n\n\n<li>&#8211; Repas \u00e0 domicile<\/li>\n\n\n\n<li>&#8211; T\u00e9l\u00e9alarme<\/li>\n\n\n\n<li>&#8211; Maisons de retraites<\/li>\n\n\n\n<li>&#8211; Transports,&#8230;<\/li>\n<\/ul>\n\n\n\n<p><strong>Evaluation et accompagnement :<\/strong><br>Evaluer avec vous vos besoins, \u00e9laborer un plan d&rsquo;aides et mettre en place un suivi personnalis\u00e9, relation d&rsquo;aide dans les moments difficiles. Intervention sur des situations&nbsp; complexes (isolement, pr\u00e9carit\u00e9, \u00e9puisement familial, maltraitance,&#8230;)<\/p>\n\n\n\n<p>Le PAT est un relais sur lequel les maires peuvent s&rsquo;appuyer dans le cadre de leurs responsabilit\u00e9s. Les aides sont compl\u00e9mentaires de celles apport\u00e9es par les CCAS (Centres Communaux d&rsquo;Actions Sociales)<\/p>\n\n\n\n<p>Assure les \u00e9valuations pour les retrait\u00e9s des r\u00e9gimes de la CNAV de la Fonction Publique d&rsquo;Etat afin de permettre aux personnes de plus de 60 ans de b\u00e9n\u00e9ficier de plans d&rsquo;actions sp\u00e9cialis\u00e9s aide \u00e0 domicile, am\u00e9nagement de logement, portage de repas,&#8230;<br>Reconnaissance des \u00e9valuations par le Conseil D\u00e9partemental (GIR 1 \u00e0 4)<\/p>\n\n\n\n<p><a href=\"http:\/\/www.fonction-publique.gouv.fr\/files\/files\/Action_sociale\/documents\/Notice_formulaire_demande_d_aide_au_maintien_a_domicile.pdf\">t\u00e9l\u00e9charger le dossier d&rsquo;aide au maintien \u00e0 domicile<\/a><a href=\"http:\/\/www.fonction-publique.gouv.fr\/files\/files\/Action_sociale\/documents\/Notice_formulaire_demande_d_aide_au_maintien_a_domicile.pdf\" target=\"_blank\" rel=\"noreferrer noopener\"><\/a><\/p>\n\n\n\n<p><strong>Coordination :<\/strong><br>Coordonner autour de vous, avec votre entourage, l&rsquo;action des diff\u00e9rents professionnels, comme par exemple pour un retour \u00e0 domicile apr\u00e8s hospitalisation, accompagnement pour un entr\u00e9e ou sortie d&rsquo;une maison de retraite,&#8230;<\/p>\n\n\n\n<p><strong>Pr\u00e9vention :<\/strong><\/p>\n\n\n\n<ul>\n<li>Actions de pr\u00e9vention (ateliers m\u00e9moire, gymnastique douce, pr\u00e9vention des accidents domestiques,&#8230;) et d&rsquo;information<\/li>\n\n\n\n<li>Actions de soutien aux aidants, formation des professionnels \u00e0 l&rsquo;aide \u00e0 domicile..<\/li>\n<\/ul>\n","protected":false},"excerpt":{"rendered":"<p>Le Point Autonomie Lagny, est un service gratuit de coordination et d&rsquo;aide pour les personnes de plus de 60 ans, les personnes en situation de handicap, et leur entourage. Voici ses missions : Accueil :Il propose un guichet unique, personnalis\u00e9 et gratuit, pour obtenir les informations et orienter vers les organismes et professionnels sur le &hellip; <a href=\"https:\/\/www.pat-meaux.fr\/index.php\/missions-du-pat\/\" class=\"more-link\">Continuer la lecture<span class=\"screen-reader-text\"> de &laquo;&nbsp;Missions du PAT&nbsp;&raquo;<\/span><\/a><\/p>\n","protected":false},"author":1,"featured_media":0,"parent":0,"menu_order":0,"comment_status":"closed","ping_status":"closed","template":"","meta":{"footnotes":""},"_links":{"self":[{"href":"https:\/\/www.pat-meaux.fr\/index.php\/wp-json\/wp\/v2\/pages\/43"}],"collection":[{"href":"https:\/\/www.pat-meaux.fr\/index.php\/wp-json\/wp\/v2\/pages"}],"about":[{"href":"https:\/\/www.pat-meaux.fr\/index.php\/wp-json\/wp\/v2\/types\/page"}],"author":[{"embeddable":true,"href":"https:\/\/www.pat-meaux.fr\/index.php\/wp-json\/wp\/v2\/users\/1"}],"replies":[{"embeddable":true,"href":"https:\/\/www.pat-meaux.fr\/index.php\/wp-json\/wp\/v2\/comments?post=43"}],"version-history":[{"count":1,"href":"https:\/\/www.pat-meaux.fr\/index.php\/wp-json\/wp\/v2\/pages\/43\/revisions"}],"predecessor-version":[{"id":44,"href":"https:\/\/www.pat-meaux.fr\/index.php\/wp-json\/wp\/v2\/pages\/43\/revisions\/44"}],"wp:attachment":[{"href":"https:\/\/www.pat-meaux.fr\/index.php\/wp-json\/wp\/v2\/media?parent=43"}],"curies":[{"name":"wp","href":"https:\/\/api.w.org\/{rel}","templated":true}]}}