{"id":218,"date":"2025-10-08T18:23:51","date_gmt":"2025-10-08T16:23:51","guid":{"rendered":"https:\/\/www.pat-meaux.fr\/index.php\/cookie-policy\/"},"modified":"2025-10-08T18:49:25","modified_gmt":"2025-10-08T16:49:25","slug":"cookie-policy","status":"publish","type":"page","link":"https:\/\/www.pat-meaux.fr\/index.php\/cookie-policy\/","title":{"rendered":"Gestion des cookies"},"content":{"rendered":"\n<pre id=\"tw-target-text\" class=\"wp-block-preformatted\">Cette page fournit des informations compl\u00e8tes sur la mani\u00e8re dont nous utilisons les cookies sur notre site web afin d'am\u00e9liorer votre exp\u00e9rience de navigation, les performances du site et de vous proposer un contenu personnalis\u00e9. Les cookies sont de petits fichiers texte stock\u00e9s sur votre appareil lorsque vous visitez notre site. Ils nous aident \u00e0 comprendre comment nos visiteurs interagissent avec notre site web, nous permettant ainsi de vous offrir une exp\u00e9rience utilisateur plus fluide et plus efficace. Le tableau ci-dessous pr\u00e9sente des informations d\u00e9taill\u00e9es sur chaque type de cookie que nous utilisons, leur finalit\u00e9 et leur dur\u00e9e de conservation sur votre appareil. Nous nous engageons \u00e0 respecter votre vie priv\u00e9e et \u00e0 faire preuve de transparence sur les donn\u00e9es que nous collectons gr\u00e2ce aux cookies. Pour plus d'informations sur la gestion de vos donn\u00e9es personnelles, veuillez consulter notre <a href=\"https:\/\/www.pat-meaux.fr\/wp-content\/uploads\/2025\/10\/Confidentialite-DCP-reliage.pdf\" data-type=\"link\" data-id=\"https:\/\/www.pat-meaux.fr\/wp-content\/uploads\/2025\/10\/Confidentialite-DCP-reliage.pdf\">Politique de confidentialit\u00e9<\/a>.<\/pre>\n\n\n<p>[wpconsent_cookie_policy]<\/p>\n","protected":false},"excerpt":{"rendered":"<p>Cette page fournit des informations compl\u00e8tes sur la mani\u00e8re dont nous utilisons les cookies sur notre site web afin d&rsquo;am\u00e9liorer votre exp\u00e9rience de navigation, les performances du site et de vous proposer un contenu personnalis\u00e9. Les cookies sont de petits fichiers texte stock\u00e9s sur votre appareil lorsque vous visitez notre site. Ils nous aident \u00e0 &hellip; <a href=\"https:\/\/www.pat-meaux.fr\/index.php\/cookie-policy\/\" class=\"more-link\">Continuer la lecture<span class=\"screen-reader-text\"> de &laquo;&nbsp;Gestion des cookies&nbsp;&raquo;<\/span><\/a><\/p>\n","protected":false},"author":1,"featured_media":0,"parent":0,"menu_order":0,"comment_status":"closed","ping_status":"closed","template":"","meta":{"footnotes":""},"_links":{"self":[{"href":"https:\/\/www.pat-meaux.fr\/index.php\/wp-json\/wp\/v2\/pages\/218"}],"collection":[{"href":"https:\/\/www.pat-meaux.fr\/index.php\/wp-json\/wp\/v2\/pages"}],"about":[{"href":"https:\/\/www.pat-meaux.fr\/index.php\/wp-json\/wp\/v2\/types\/page"}],"author":[{"embeddable":true,"href":"https:\/\/www.pat-meaux.fr\/index.php\/wp-json\/wp\/v2\/users\/1"}],"replies":[{"embeddable":true,"href":"https:\/\/www.pat-meaux.fr\/index.php\/wp-json\/wp\/v2\/comments?post=218"}],"version-history":[{"count":2,"href":"https:\/\/www.pat-meaux.fr\/index.php\/wp-json\/wp\/v2\/pages\/218\/revisions"}],"predecessor-version":[{"id":221,"href":"https:\/\/www.pat-meaux.fr\/index.php\/wp-json\/wp\/v2\/pages\/218\/revisions\/221"}],"wp:attachment":[{"href":"https:\/\/www.pat-meaux.fr\/index.php\/wp-json\/wp\/v2\/media?parent=218"}],"curies":[{"name":"wp","href":"https:\/\/api.w.org\/{rel}","templated":true}]}}