{"id":174,"date":"2025-04-24T19:57:14","date_gmt":"2025-04-24T17:57:14","guid":{"rendered":"https:\/\/www.pat-meaux.fr\/?page_id=174"},"modified":"2025-04-25T16:50:02","modified_gmt":"2025-04-25T14:50:02","slug":"politique-de-confidentialite","status":"publish","type":"page","link":"https:\/\/www.pat-meaux.fr\/index.php\/politique-de-confidentialite\/","title":{"rendered":"Politique de confidentialit\u00e9"},"content":{"rendered":"\n<p><strong>Sommaire<\/strong><\/p>\n\n\n\n<p><a href=\"#_Toc185535512\">Pr\u00e9ambule 1<\/a><br><a href=\"#_Toc185535513\">1.&nbsp;&nbsp;&nbsp;&nbsp; Champ d\u2019application_ 1<\/a><br><a href=\"#_Toc185535514\">2.&nbsp;&nbsp;&nbsp;&nbsp; Quelles donn\u00e9es \u00e0 caract\u00e8re personnel nous traitons et pourquoi ?_ 1<\/a><br><a href=\"#_Toc185535515\">3.&nbsp;&nbsp;&nbsp;&nbsp; Quels sont les Destinataires de vos donn\u00e9es personnelles&nbsp;?_ 2<\/a><br><a href=\"#_Toc185535516\">4.&nbsp;&nbsp;&nbsp;&nbsp; Combien de temps vos donn\u00e9es \u00e0 caract\u00e8re personnel sont conserv\u00e9es&nbsp;?_ 2<\/a><br><a href=\"#_Toc185535517\">5.&nbsp;&nbsp;&nbsp;&nbsp; Transfert des donn\u00e9es \u00e0 caract\u00e8re personnel hors Union Europ\u00e9enne 2<\/a><br><a href=\"#_Toc185535518\">6.&nbsp;&nbsp;&nbsp;&nbsp; Comment nous prot\u00e9geons vos donn\u00e9es \u00e0 caract\u00e8re personnel&nbsp;?_ 2<\/a><br><a href=\"#_Toc185535519\">7.&nbsp;&nbsp;&nbsp;&nbsp; Quels sont vos droits sur vos donn\u00e9es \u00e0 caract\u00e8re personnel&nbsp;?_ 2<\/a><br><a href=\"#_Toc185535520\">8.&nbsp;&nbsp;&nbsp;&nbsp; Comment exercer vos droits&nbsp;?_ 3<\/a><br><a href=\"#_Toc185535521\">9.&nbsp;&nbsp;&nbsp;&nbsp; Mises \u00e0 jour de la Politique de Confidentialit\u00e9 3<\/a><\/p>\n\n\n\n<h1 class=\"wp-block-heading\"><a id=\"_Toc185535512\">Pr\u00e9ambule<\/a><\/h1>\n\n\n\n<p>L\u2019association RELIAGE, porteuse du CIC PAT Lagny, du CIC PAT Meaux et de la plateforme d\u2019\u00e9valuation EVAL77agit en qualit\u00e9 de responsable du traitement au sens du r\u00e8glement europ\u00e9en n\u00b02016-679 du 27 avril 2016 et de la loi \u00ab\u00a0Informatique et Libert\u00e9s\u00a0\u00bb du 6 janvier 1978 modifi\u00e9e sur les traitements de donn\u00e9es \u00e0 caract\u00e8re personnel occasionn\u00e9s par son site web.<\/p>\n\n\n\n<p>Nous nous engageons \u00e0 respecter la R\u00e9glementation applicable et \u00e0 prot\u00e9ger au mieux les donn\u00e9es \u00e0 caract\u00e8re personnel de nos partenaires, fournisseurs, utilisateurs, visiteurs du site ainsi que tout autre personne concern\u00e9e.<\/p>\n\n\n\n<ol>\n<li><a><strong>Champ d\u2019application<\/strong><\/a><\/li>\n<\/ol>\n\n\n\n<p>Cette politique a pour objectif de vous pr\u00e9senter la mani\u00e8re dont nous traitons vos donn\u00e9es \u00e0 caract\u00e8re personnel, via nos sites web www.reliage.fr \u2013 <a href=\"http:\/\/www.pat-lagny.fr\">www.pat-lagny.fr<\/a> et <a href=\"http:\/\/www.pat\">www.pat-meax.fr<\/a><\/p>\n\n\n\n<p>Elle s\u2019applique uniquement aux op\u00e9rations (ci-apr\u00e8s \u00ab&nbsp;traitements&nbsp;\u00bb) faites sur des informations vous concernant d\u00e8s lors que vous \u00eates susceptibles d\u2019\u00eatre identifi\u00e9 directement ou indirectement (ci-apr\u00e8s \u00ab&nbsp;donn\u00e9es \u00e0 caract\u00e8re personnel&nbsp;\u00bb).<\/p>\n\n\n\n<p>Cette politique ne vise pas les traitements de donn\u00e9es \u00e0 caract\u00e8re personnel occasionn\u00e9s par les services propos\u00e9s par notre Organisme.<\/p>\n\n\n\n<ul>\n<li><a><strong>Quelles donn\u00e9es \u00e0 caract\u00e8re personnel nous traitons et pourquoi ?<\/strong><\/a><\/li>\n\n\n\n<li>En visitant notre site<\/li>\n<\/ul>\n\n\n\n<p>Vous pouvez \u00eatre amen\u00e9(e) \u00e0 nous transmettre les donn\u00e9es \u00e0 caract\u00e8re personnel&nbsp;suivantes&nbsp;:<\/p>\n\n\n\n<figure class=\"wp-block-table\"><table><tbody><tr><td><strong>Traitement<\/strong><\/td><td><strong>Donn\u00e9es concern\u00e9es<\/strong><\/td><td><strong>Base l\u00e9gale du traitement<\/strong><\/td><td><strong>Dur\u00e9es de conservation des donn\u00e9es<\/strong><\/td><\/tr><tr><td><strong>R\u00e9pondre \u00e0 vos demandes via notre formulaire de contact<\/strong><strong><\/strong><\/td><td>Nom, mail, objet de votre message &nbsp;<\/td><td>Consentement<\/td><td>Les donn\u00e9es sont trait\u00e9es pour r\u00e9pondre \u00e0 votre demande puis d\u00e9truites si vous ne souhaitez pas \u00eatre accompagn\u00e9(e) par les services de l\u2019association.<\/td><\/tr><tr><td><strong>Vous permettre de naviguer sur notre site au moyen de cookies et traceurs<\/strong><\/td><td>Adresse IP de votre ordinateur La liste des cookies pr\u00e9sents sur notre site web est disponible ici <a href=\"https:\/\/www.pat-meaux.fr\/wp-content\/uploads\/2025\/04\/Gestion-des-cookies1.pdf\">Politique de gestion des cookies].<\/a><\/td><td>Consentement<\/td><td>6 mois<\/td><\/tr><tr><td><strong>&nbsp;<\/strong><\/td><td>&nbsp;<\/td><td>&nbsp;<\/td><td>&nbsp;<\/td><\/tr><\/tbody><\/table><\/figure>\n\n\n\n<ul>\n<li><a>Donn\u00e9es transmises par nos partenaires<\/a><\/li>\n<\/ul>\n\n\n\n<p>Aucunes donn\u00e9es ne nous sont transmises par un partenaire via nos sites.<\/p>\n\n\n\n<ul>\n<li><a><strong>Quels sont les Destinataires de vos donn\u00e9es personnelles&nbsp;?<\/strong><\/a><\/li>\n<\/ul>\n\n\n\n<p>Dans le cadre de nos activit\u00e9s, nous pouvons \u00eatre amen\u00e9s \u00e0 transmettre vos donn\u00e9es \u00e0 caract\u00e8re personnel \u00e0 des prestataires d\u00fbment autoris\u00e9s par nous pour les finalit\u00e9s suivantes&nbsp;:<\/p>\n\n\n\n<ul>\n<li>Prestations informatiques n\u00e9cessaires au bon fonctionnement des sites (gestion de bases de donn\u00e9es, h\u00e9bergement, stockage, maintenance, etc.).<\/li>\n<\/ul>\n\n\n\n<p>Ces tiers qui agissent pour le compte de notre Organisme sont sous-traitants au sens de la r\u00e9glementation. Nous nous assurons par contrat qu\u2019ils agissent uniquement sous nos instructions et mettent en \u0153uvre des mesures techniques et organisationnelles appropri\u00e9es, de mani\u00e8re \u00e0 ce que les traitements de donn\u00e9es personnelles qu\u2019ils r\u00e9alisent r\u00e9pondent aux exigences du RGPD, garantissent la protection de vos droits et qu\u2019ils n\u2019utiliseront pas vos donn\u00e9es \u00e0 d\u2019autres fins que celles dont vous avez les tenants.<\/p>\n\n\n\n<p>Les conditions relatives aux traitements de donn\u00e9es personnelles mis en \u0153uvre par ces prestataires et aux droits dont vous disposez \u00e0 cet \u00e9gard sont, sauf mention expresse, les m\u00eames que celles d\u00e9crites dans la pr\u00e9sente Politique.<\/p>\n\n\n\n<p>De plus conform\u00e9ment aux dispositions l\u00e9gislatives en vigueur, vos donn\u00e9es \u00e0 caract\u00e8re personnel peuvent \u00eatre communiqu\u00e9es \u00e0 toute autorit\u00e9 administrative ou judiciaire habilit\u00e9e par la loi qui en ferait la demande.<\/p>\n\n\n\n<ul>\n<li><a><strong>Combien de temps vos donn\u00e9es \u00e0 caract\u00e8re personnel sont conserv\u00e9es&nbsp;?<\/strong><\/a><\/li>\n<\/ul>\n\n\n\n<p>Nous nous assurons que vos donn\u00e9es personnelles ne soient pas conserv\u00e9es au-del\u00e0 de la dur\u00e9e strictement n\u00e9cessaire aux finalit\u00e9s poursuivies telles qu\u2019\u00e9nonc\u00e9es dans la politique et ce conform\u00e9ment \u00e0 la R\u00e9glementation et aux lois applicables. A cet \u00e9gard, les donn\u00e9es \u00e0 caract\u00e8re personnel utilis\u00e9es aux fins de r\u00e9pondre \u00e0 vos demandes d\u2019informations et de prise de contact sont conserv\u00e9es conform\u00e9ment \u00e0 nos obligations l\u00e9gales.<\/p>\n\n\n\n<p>En cas de proc\u00e9dures judiciaires ou administratives, vos donn\u00e9es seront conserv\u00e9es pour la dur\u00e9e n\u00e9cessaire \u00e0 la r\u00e9solution de celles-ci.<\/p>\n\n\n\n<ul>\n<li><a><strong>Transfert des donn\u00e9es \u00e0 caract\u00e8re personnel hors Union Europ\u00e9enne<\/strong><\/a><\/li>\n<\/ul>\n\n\n\n<p>Aucun transfert de donn\u00e9es n\u2019est effectu\u00e9 hors Union Europ\u00e9enne.<\/p>\n\n\n\n<ul>\n<li><a><strong>Comment nous prot\u00e9geons vos donn\u00e9es \u00e0 caract\u00e8re personnel&nbsp;?<\/strong><\/a><\/li>\n<\/ul>\n\n\n\n<p>Notre Organisme respecte les exigences du cadre juridique actuel en mati\u00e8re de traitement des donn\u00e9es, au R\u00e8glement (UE) 2016\/679 du Parlement europ\u00e9en et du Conseil du 27 avril 2016 relatif \u00e0 la protection des personnes physiques \u00e0 l&rsquo;\u00e9gard du traitement des donn\u00e9es \u00e0 caract\u00e8re personnel et \u00e0 la libre circulation de ces donn\u00e9es abrogeant la directive 95\/46\/CE (R\u00e8glement g\u00e9n\u00e9ral sur la protection des donn\u00e9es&nbsp;: \u00ab&nbsp;RGPD&nbsp;\u00bb) et \u00e0 la Loi n\u00b0 78-17 du 6 janvier 1978 relative \u00e0 l&rsquo;informatique, aux fichiers et aux libert\u00e9s.<\/p>\n\n\n\n<p>Nous avons pris des mesures de protection physiques, organisationnelles et techniques pour pr\u00e9venir toute perte, mauvaise utilisation, acc\u00e8s ou diffusion non autoris\u00e9, alt\u00e9ration ou destruction \u00e9ventuelle de ces donn\u00e9es \u00e0 caract\u00e8re personnel.<\/p>\n\n\n\n<p>A ce titre, nous avons mis en \u0153uvre&nbsp;:<\/p>\n\n\n\n<ul>\n<li>Les moyens permettant de garantir la confidentialit\u00e9, l\u2019int\u00e9grit\u00e9, la disponibilit\u00e9 et la r\u00e9silience constantes des syst\u00e8mes et des services de traitement&nbsp;;<\/li>\n\n\n\n<li>Les moyens permettant de r\u00e9tablir la disponibilit\u00e9 des donn\u00e9es \u00e0 caract\u00e8re personnel et l\u2019acc\u00e8s \u00e0 celles-ci dans des d\u00e9lais appropri\u00e9s en cas d\u2019incident physique ou technique&nbsp;;<\/li>\n\n\n\n<li>Une proc\u00e9dure visant \u00e0 tester, \u00e0 analyser et \u00e0 \u00e9valuer r\u00e9guli\u00e8rement l\u2019efficacit\u00e9 des mesures techniques et organisationnelles pour assurer la s\u00e9curit\u00e9 du traitement<\/li>\n<\/ul>\n\n\n\n<p>Dans le cadre de notre activit\u00e9, nous prenons en compte la protection des donn\u00e9es en adoptant une d\u00e9marche de \u00ab&nbsp;privacy by design&nbsp;\u00bb &#8211; consistant \u00e0 placer la protection des donn\u00e9es personnelles et de la vie priv\u00e9e comme priorit\u00e9 absolue d\u00e8s la conception d&rsquo;un projet &#8211; et travaillons essentiellement avec des prestataires pr\u00e9sentant les garanties de s\u00e9curit\u00e9 techniques et organisationnelles de protection des donn\u00e9es personnelles.<\/p>\n\n\n\n<ul>\n<li><a><strong>Quels sont vos droits sur vos donn\u00e9es \u00e0 caract\u00e8re personnel&nbsp;?<\/strong><\/a><\/li>\n<\/ul>\n\n\n\n<p>Vous disposez de droits sur vos donn\u00e9es \u00e0 caract\u00e8re personnel, vous permettant de les rectifier, modifier ou supprimer tels que :<\/p>\n\n\n\n<ul>\n<li>Droit d\u2019acc\u00e8s,<\/li>\n\n\n\n<li>Droit de rectification,<\/li>\n\n\n\n<li>Droit d\u2019opposition (sauf pour les traitements bas\u00e9s sur un contrat, une obligation l\u00e9gale ou les int\u00e9r\u00eats vitaux),<\/li>\n\n\n\n<li>Droit \u00e0 l\u2019effacement (sauf pour les traitements bas\u00e9s sur une obligation l\u00e9gale ou l\u2019int\u00e9r\u00eat public),<\/li>\n\n\n\n<li>Droit \u00e0 la portabilit\u00e9 (sauf pour les traitements bas\u00e9s sur l\u2019int\u00e9r\u00eat l\u00e9gitime, une obligation l\u00e9gale, l\u2019int\u00e9r\u00eat public ou les int\u00e9r\u00eats vitaux),<\/li>\n\n\n\n<li>Droit \u00e0 la limitation du traitement,<\/li>\n\n\n\n<li>Droit de d\u00e9finir des directives relatives \u00e0 la conservation, l\u2019effacement et la communication des donn\u00e9es personnelles apr\u00e8s votre mort,<\/li>\n\n\n\n<li>Droit d\u2019introduire une r\u00e9clamation aupr\u00e8s d\u2019une autorit\u00e9 de contr\u00f4le (en France, la CNIL) dans l\u2019hypoth\u00e8se o\u00f9 nous ne parviendrions pas \u00e0 r\u00e9pondre convenablement aux demandes.<\/li>\n<\/ul>\n\n\n\n<p>Ces droits peuvent \u00eatre exerc\u00e9s \u00e0 tout moment, sous certaines conditions. Nous ferons notre possible pour acc\u00e9der \u00e0 votre demande dans les meilleurs d\u00e9lais et au plus tard sous un mois, sauf exception pr\u00e9vue par la r\u00e9glementation.<\/p>\n\n\n\n<ul>\n<li><a><strong>Comment exercer vos droits&nbsp;?<\/strong><\/a><\/li>\n<\/ul>\n\n\n\n<p>Vous pouvez exercer vos droits par courrier adress\u00e9 \u00e0 l\u2019adresse suivante&nbsp;: Association RELIAGE, 125 rue du Mar\u00e9chal de Lattre de Tassigny 77400 Lagny-sur-Marne ou par mail&nbsp;: dpo@reliage.fr<\/p>\n\n\n\n<p>Afin d\u2019assurer le traitement rapide et correct de vos demandes d\u2019exercice des droits, les informations suivantes sont n\u00e9cessaires : nom, pr\u00e9nom, adresse mail, adresse postale, num\u00e9ro de t\u00e9l\u00e9phone. Dans certains cas (droit d\u2019acc\u00e8s, droit \u00e0 la portabilit\u00e9 et les droits pour les h\u00e9ritiers), notamment afin de vous prot\u00e9ger contre une usurpation d\u2019identit\u00e9 et de v\u00e9rifier le bien-fond\u00e9 de votre requ\u00eate, vous devrez joindre une copie d\u2019un justificatif d\u2019identit\u00e9 et fournir toute information ou document utile \u00e0 l\u2019appui de votre demande.<\/p>\n\n\n\n<ul>\n<li><a><strong>Mises \u00e0 jour de la Politique de Confidentialit\u00e9<\/strong><\/a><\/li>\n<\/ul>\n\n\n\n<p>Notre politique de protection des donn\u00e9es \u00e0 caract\u00e8re personnel peut \u00eatre modifi\u00e9e et mise \u00e0 jour \u00e0 tout moment. En cas de modification ou de mise \u00e0 jour, la politique de protection des donn\u00e9es \u00e0 caract\u00e8re personnel r\u00e9vis\u00e9e sera mise en ligne sur le site web, avec mention de la derni\u00e8re date de mise \u00e0 jour.<\/p>\n\n\n\n<p><\/p>\n","protected":false},"excerpt":{"rendered":"<p>Sommaire Pr\u00e9ambule 11.&nbsp;&nbsp;&nbsp;&nbsp; Champ d\u2019application_ 12.&nbsp;&nbsp;&nbsp;&nbsp; Quelles donn\u00e9es \u00e0 caract\u00e8re personnel nous traitons et pourquoi ?_ 13.&nbsp;&nbsp;&nbsp;&nbsp; Quels sont les Destinataires de vos donn\u00e9es personnelles&nbsp;?_ 24.&nbsp;&nbsp;&nbsp;&nbsp; Combien de temps vos donn\u00e9es \u00e0 caract\u00e8re personnel sont conserv\u00e9es&nbsp;?_ 25.&nbsp;&nbsp;&nbsp;&nbsp; Transfert des donn\u00e9es \u00e0 caract\u00e8re personnel hors Union Europ\u00e9enne 26.&nbsp;&nbsp;&nbsp;&nbsp; Comment nous prot\u00e9geons vos donn\u00e9es \u00e0 caract\u00e8re personnel&nbsp;?_ &hellip; <a href=\"https:\/\/www.pat-meaux.fr\/index.php\/politique-de-confidentialite\/\" class=\"more-link\">Continuer la lecture<span class=\"screen-reader-text\"> de &laquo;&nbsp;Politique de confidentialit\u00e9&nbsp;&raquo;<\/span><\/a><\/p>\n","protected":false},"author":1,"featured_media":0,"parent":0,"menu_order":0,"comment_status":"closed","ping_status":"closed","template":"","meta":{"footnotes":""},"_links":{"self":[{"href":"https:\/\/www.pat-meaux.fr\/index.php\/wp-json\/wp\/v2\/pages\/174"}],"collection":[{"href":"https:\/\/www.pat-meaux.fr\/index.php\/wp-json\/wp\/v2\/pages"}],"about":[{"href":"https:\/\/www.pat-meaux.fr\/index.php\/wp-json\/wp\/v2\/types\/page"}],"author":[{"embeddable":true,"href":"https:\/\/www.pat-meaux.fr\/index.php\/wp-json\/wp\/v2\/users\/1"}],"replies":[{"embeddable":true,"href":"https:\/\/www.pat-meaux.fr\/index.php\/wp-json\/wp\/v2\/comments?post=174"}],"version-history":[{"count":4,"href":"https:\/\/www.pat-meaux.fr\/index.php\/wp-json\/wp\/v2\/pages\/174\/revisions"}],"predecessor-version":[{"id":178,"href":"https:\/\/www.pat-meaux.fr\/index.php\/wp-json\/wp\/v2\/pages\/174\/revisions\/178"}],"wp:attachment":[{"href":"https:\/\/www.pat-meaux.fr\/index.php\/wp-json\/wp\/v2\/media?parent=174"}],"curies":[{"name":"wp","href":"https:\/\/api.w.org\/{rel}","templated":true}]}}